{"id":426,"date":"2023-03-06T08:12:23","date_gmt":"2023-03-06T08:12:23","guid":{"rendered":"https:\/\/senegal.madar.group\/?page_id=426"},"modified":"2023-03-06T08:12:24","modified_gmt":"2023-03-06T08:12:24","slug":"matiz","status":"publish","type":"page","link":"https:\/\/senegal.madar.group\/fr\/matiz\/","title":{"rendered":"Matiz"},"content":{"rendered":"<div id='av_section_1'  class='avia-section av-av_section-f716ba51e7bf82947c918c6ed882cb73 main_color avia-section-default avia-no-border-styling  avia-builder-el-0  el_before_av_section  avia-builder-el-first  avia-bg-style-scroll container_wrap fullsize'  ><div class='container av-section-cont-open' ><main  role=\"main\" itemprop=\"mainContentOfPage\"  class='template-page content  av-content-full alpha units'><div class='post-entry post-entry-type-page post-entry-426'><div class='entry-content-wrapper clearfix'>\n<div class='flex_column av-av_one_full-7714eba142aeda1f8b5272a3c372b279 av_one_full  avia-builder-el-1  el_before_av_one_fifth  avia-builder-el-first  first flex_column_div '     ><p>\n<style type=\"text\/css\" data-created_by=\"avia_inline_auto\" id=\"style-css-av-av_image-3e59e97502e952172572923bcc6981fc\">\n.avia-image-container.av-av_image-3e59e97502e952172572923bcc6981fc img.avia_image{\nbox-shadow:none;\n}\n.avia-image-container.av-av_image-3e59e97502e952172572923bcc6981fc .av-image-caption-overlay-center{\ncolor:#ffffff;\n}\n<\/style>\n<div  class='avia-image-container av-av_image-3e59e97502e952172572923bcc6981fc av-styling- avia-align-center  avia-builder-el-2  el_before_av_textblock  avia-builder-el-first '   itemprop=\"image\" itemscope=\"itemscope\" itemtype=\"https:\/\/schema.org\/ImageObject\" ><div class=\"avia-image-container-inner\"><div class=\"avia-image-overlay-wrap\"><img decoding=\"async\" class='wp-image-353 avia-img-lazy-loading-not-353 avia_image ' src=\"https:\/\/senegal.madar.group\/wp-content\/uploads\/2023\/03\/MATIZ-300x100.webp\" alt='' title='MATIZ'  height=\"100\" width=\"300\"  itemprop=\"thumbnailUrl\" srcset=\"https:\/\/senegal.madar.group\/wp-content\/uploads\/2023\/03\/MATIZ-300x100.webp 300w, https:\/\/senegal.madar.group\/wp-content\/uploads\/2023\/03\/MATIZ.webp 372w\" sizes=\"(max-width: 300px) 100vw, 300px\" \/><\/div><\/div><\/div><br \/>\n\n<style type=\"text\/css\" data-created_by=\"avia_inline_auto\" id=\"style-css-av-lewjtyv5-42469b38f662358353104b5669f3e599\">\n#top .av_textblock_section.av-lewjtyv5-42469b38f662358353104b5669f3e599 .avia_textblock{\nfont-size:25px;\n}\n<\/style>\n<section  class='av_textblock_section av-lewjtyv5-42469b38f662358353104b5669f3e599'  itemscope=\"itemscope\" itemtype=\"https:\/\/schema.org\/CreativeWork\" ><div class='avia_textblock'  itemprop=\"text\" ><p class=\"font_9\" style=\"text-align: center;\">MATIZ\u00a0\u00a0aux parfums Royal \u00a0et Nourish, est \u00a0le savon \u00a0liquide id\u00e9al pour les peaux \u00a0sensibles ou s\u00e8ches. Gr\u00e2ce \u00e0 sa formule am\u00e9lior\u00e9e, il prot\u00e8ge la peau et la rend plus douce. Sa composition lui conf\u00e8re des propri\u00e9t\u00e9s anti microbiennes qui vous prot\u00e8ge de certains germes.<\/p>\n<p class=\"font_9\" style=\"text-align: center;\">MATIZ\u00a0\u00a0vous procure une agr\u00e9able sensation fra\u00eecheur et de bien-\u00eatre avec \u00a0une odeur tr\u00e8s agr\u00e9able. Aide votre peau \u00e0 lutter contre le dess\u00e8chement cutan\u00e9, car \u00a0il hydrate, rafra\u00eechit et tonifie la peau c\u2019est pourquoi, il est tr\u00e8s recommand\u00e9 pour le corps et les mains.<\/p>\n<\/div><\/section><\/p><\/div><div class='flex_column av-av_one_fifth-7714eba142aeda1f8b5272a3c372b279 av_one_fifth  avia-builder-el-4  el_after_av_one_full  el_before_av_three_fifth  first flex_column_div column-top-margin'     ><\/div><div class='flex_column av-av_three_fifth-f1c518e9ff58e869f80c8f093487abc9 av_three_fifth  avia-builder-el-5  el_after_av_one_fifth  el_before_av_one_fifth  flex_column_div column-top-margin'     ><div id='av-masonry-1' class='av-masonry av-av_masonry_gallery-723ecbe829c5873670fddae2d7f32a3e noHover av-fixed-size av-large-gap av-hover-overlay-active av-masonry-animation-active av-masonry-col-2 av-caption-always av-caption-style- av-masonry-gallery av-orientation-portrait '><div class=\"av-masonry-container isotope av-js-disabled\"><div class='av-masonry-entry isotope-item av-masonry-item-no-image '><\/div><a href=\"https:\/\/senegal.madar.group\/wp-content\/uploads\/2023\/03\/MATIZ-LIQUIDE-300-ML-NATURE-VERTE.jpg\" data-srcset=\"https:\/\/senegal.madar.group\/wp-content\/uploads\/2023\/03\/MATIZ-LIQUIDE-300-ML-NATURE-VERTE.jpg 702w, https:\/\/senegal.madar.group\/wp-content\/uploads\/2023\/03\/MATIZ-LIQUIDE-300-ML-NATURE-VERTE-300x300.jpg 300w, https:\/\/senegal.madar.group\/wp-content\/uploads\/2023\/03\/MATIZ-LIQUIDE-300-ML-NATURE-VERTE-80x80.jpg 80w, https:\/\/senegal.madar.group\/wp-content\/uploads\/2023\/03\/MATIZ-LIQUIDE-300-ML-NATURE-VERTE-36x36.jpg 36w, https:\/\/senegal.madar.group\/wp-content\/uploads\/2023\/03\/MATIZ-LIQUIDE-300-ML-NATURE-VERTE-180x180.jpg 180w\" data-sizes=\"(max-width: 702px) 100vw, 702px\"  aria-label=\"image MATIZ LIQUIDE 300 ML NATURE VERTE\"  id='av-masonry-1-item-354' data-av-masonry-item='354' class='av-masonry-entry isotope-item post-354 attachment type-attachment status-inherit hentry  av-masonry-item-with-image' title=\"MATIZ LIQUIDE 300 ML NATURE VERTE\" alt=\"\"    itemprop=\"thumbnailUrl\" ><div class='av-inner-masonry-sizer'><\/div><figure class='av-inner-masonry main_color'><div class=\"av-masonry-outerimage-container\"><div class='av-masonry-image-container' style=\"background-image: url(https:\/\/senegal.madar.group\/wp-content\/uploads\/2023\/03\/MATIZ-LIQUIDE-300-ML-NATURE-VERTE.jpg);\"  title=\"MATIZ LIQUIDE 300 ML NATURE VERTE\"  ><\/div><\/div><figcaption class='av-inner-masonry-content site-background'><div class='av-inner-masonry-content-pos'><div class='av-inner-masonry-content-pos-content'><div class='avia-arrow'><\/div><h3 class='av-masonry-entry-title entry-title '  itemprop=\"headline\" >MATIZ LIQUIDE 300 ML NATURE VERTE<\/h3><\/div><\/div><\/figcaption><\/figure><\/a><!--end av-masonry entry--><a href=\"https:\/\/senegal.madar.group\/wp-content\/uploads\/2023\/03\/MATIZ-LIQUIDE-300-ML-ROSES-SAUVAGES.jpg\" data-srcset=\"https:\/\/senegal.madar.group\/wp-content\/uploads\/2023\/03\/MATIZ-LIQUIDE-300-ML-ROSES-SAUVAGES.jpg 702w, https:\/\/senegal.madar.group\/wp-content\/uploads\/2023\/03\/MATIZ-LIQUIDE-300-ML-ROSES-SAUVAGES-300x300.jpg 300w, https:\/\/senegal.madar.group\/wp-content\/uploads\/2023\/03\/MATIZ-LIQUIDE-300-ML-ROSES-SAUVAGES-80x80.jpg 80w, https:\/\/senegal.madar.group\/wp-content\/uploads\/2023\/03\/MATIZ-LIQUIDE-300-ML-ROSES-SAUVAGES-36x36.jpg 36w, https:\/\/senegal.madar.group\/wp-content\/uploads\/2023\/03\/MATIZ-LIQUIDE-300-ML-ROSES-SAUVAGES-180x180.jpg 180w\" data-sizes=\"(max-width: 702px) 100vw, 702px\"  aria-label=\"image MATIZ LIQUIDE 300 ML ROSES SAUVAGES\"  id='av-masonry-1-item-355' data-av-masonry-item='355' class='av-masonry-entry isotope-item post-355 attachment type-attachment status-inherit hentry  av-masonry-item-with-image' title=\"MATIZ LIQUIDE 300 ML ROSES SAUVAGES\" alt=\"\"    itemprop=\"thumbnailUrl\" ><div class='av-inner-masonry-sizer'><\/div><figure class='av-inner-masonry main_color'><div class=\"av-masonry-outerimage-container\"><div class='av-masonry-image-container' style=\"background-image: url(https:\/\/senegal.madar.group\/wp-content\/uploads\/2023\/03\/MATIZ-LIQUIDE-300-ML-ROSES-SAUVAGES.jpg);\"  title=\"MATIZ LIQUIDE 300 ML ROSES SAUVAGES\"  ><\/div><\/div><figcaption class='av-inner-masonry-content site-background'><div class='av-inner-masonry-content-pos'><div class='av-inner-masonry-content-pos-content'><div class='avia-arrow'><\/div><h3 class='av-masonry-entry-title entry-title '  itemprop=\"headline\" >MATIZ LIQUIDE 300 ML ROSES SAUVAGES<\/h3><\/div><\/div><\/figcaption><\/figure><\/a><!--end av-masonry entry--><\/div><\/div><\/div><div class='flex_column av-av_one_fifth-f1c518e9ff58e869f80c8f093487abc9 av_one_fifth  avia-builder-el-7  el_after_av_three_fifth  avia-builder-el-last  flex_column_div column-top-margin'     ><\/div><\/div><\/div><\/main><!-- close content main element --><\/div><\/div><div id='av_section_2'  class='avia-section av-av_section-f716ba51e7bf82947c918c6ed882cb73 main_color avia-section-default avia-no-border-styling  avia-builder-el-8  el_after_av_section  avia-builder-el-last  avia-bg-style-scroll container_wrap fullsize'  ><div class='container av-section-cont-open' ><div class='template-page content  av-content-full alpha units'><div class='post-entry post-entry-type-page post-entry-426'><div class='entry-content-wrapper clearfix'>\n<div class='flex_column av-av_one_full-7714eba142aeda1f8b5272a3c372b279 av_one_full  avia-builder-el-9  el_before_av_one_fifth  avia-builder-el-first  first flex_column_div '     ><style type=\"text\/css\" data-created_by=\"avia_inline_auto\" id=\"style-css-av-lewjv5n1-17d0f86ad77809bb2bc30965711b0f31\">\n#top .av_textblock_section.av-lewjv5n1-17d0f86ad77809bb2bc30965711b0f31 .avia_textblock{\nfont-size:25px;\n}\n<\/style>\n<section  class='av_textblock_section av-lewjv5n1-17d0f86ad77809bb2bc30965711b0f31'  itemscope=\"itemscope\" itemtype=\"https:\/\/schema.org\/CreativeWork\" ><div class='avia_textblock'  itemprop=\"text\" ><p class=\"font_9\" style=\"text-align: center;\">Madar petroleum jelly hydrates soften, softens, and nourishes and in addition, it insulates the skin, which prevents the evaporation of the moisture contained in the skin. It is unequaled on small areas very affected: scabs (very dry areas in the face), elbows and knees, feet, etc. It protects it from the cold, fights against irritations, and allows you to obtain smooth skin on a daily basis. Plain or scented, the superior quality<br \/>\nof Madar petroleum jelly smoothes dry, fragile, or damaged spots, calms cracks in the skin and lips, and small burns, and treats eczema. Madar petrolatum leaves a pleasant feeling of well-being on your skin, which is why it is highly recommended for the whole body. As the sensation after application, very oily, is not very pleasant for some people, it is recommended to apply it in the evening. She will do her miracles while sleeping! fight against skin dryness, because it hydrates, refreshes, and tones the skin, which is why it is highly recommended for the body and hands.<\/p>\n<\/div><\/section><\/div><div class='flex_column av-av_one_fifth-7714eba142aeda1f8b5272a3c372b279 av_one_fifth  avia-builder-el-11  el_after_av_one_full  el_before_av_three_fifth  first flex_column_div column-top-margin'     ><\/div><div class='flex_column av-av_three_fifth-f1c518e9ff58e869f80c8f093487abc9 av_three_fifth  avia-builder-el-12  el_after_av_one_fifth  el_before_av_one_fifth  flex_column_div column-top-margin'     ><div id='av-masonry-2' class='av-masonry av-av_masonry_gallery-4c9bee620e7b4089119cfb23514730bc noHover av-fixed-size av-large-gap av-hover-overlay-active av-masonry-animation-active av-masonry-col-2 av-caption-always av-caption-style- av-masonry-gallery av-orientation-portrait '><div class=\"av-masonry-container isotope av-js-disabled\"><div class='av-masonry-entry isotope-item av-masonry-item-no-image '><\/div><a href=\"https:\/\/senegal.madar.group\/wp-content\/uploads\/2023\/03\/VASELINE-MATIZ-CLASSIC-110G.jpg\" data-srcset=\"https:\/\/senegal.madar.group\/wp-content\/uploads\/2023\/03\/VASELINE-MATIZ-CLASSIC-110G.jpg 759w, https:\/\/senegal.madar.group\/wp-content\/uploads\/2023\/03\/VASELINE-MATIZ-CLASSIC-110G-300x300.jpg 300w, https:\/\/senegal.madar.group\/wp-content\/uploads\/2023\/03\/VASELINE-MATIZ-CLASSIC-110G-80x80.jpg 80w, https:\/\/senegal.madar.group\/wp-content\/uploads\/2023\/03\/VASELINE-MATIZ-CLASSIC-110G-36x36.jpg 36w, https:\/\/senegal.madar.group\/wp-content\/uploads\/2023\/03\/VASELINE-MATIZ-CLASSIC-110G-180x180.jpg 180w, https:\/\/senegal.madar.group\/wp-content\/uploads\/2023\/03\/VASELINE-MATIZ-CLASSIC-110G-705x705.jpg 705w\" data-sizes=\"(max-width: 759px) 100vw, 759px\"  aria-label=\"image VASELINE MATIZ CLASSIC 110G\"  id='av-masonry-2-item-356' data-av-masonry-item='356' class='av-masonry-entry isotope-item post-356 attachment type-attachment status-inherit hentry  av-masonry-item-with-image' title=\"VASELINE MATIZ CLASSIC 110G\" alt=\"\"    itemprop=\"thumbnailUrl\" ><div class='av-inner-masonry-sizer'><\/div><figure class='av-inner-masonry main_color'><div class=\"av-masonry-outerimage-container\"><div class='av-masonry-image-container' style=\"background-image: url(https:\/\/senegal.madar.group\/wp-content\/uploads\/2023\/03\/VASELINE-MATIZ-CLASSIC-110G.jpg);\"  title=\"VASELINE MATIZ CLASSIC 110G\"  ><\/div><\/div><figcaption class='av-inner-masonry-content site-background'><div class='av-inner-masonry-content-pos'><div class='av-inner-masonry-content-pos-content'><div class='avia-arrow'><\/div><h3 class='av-masonry-entry-title entry-title '  itemprop=\"headline\" >VASELINE MATIZ CLASSIC 110G<\/h3><\/div><\/div><\/figcaption><\/figure><\/a><!--end av-masonry entry--><a href=\"https:\/\/senegal.madar.group\/wp-content\/uploads\/2023\/03\/VASELINE-MATIZ-VANILLE-110G.jpg\" data-srcset=\"https:\/\/senegal.madar.group\/wp-content\/uploads\/2023\/03\/VASELINE-MATIZ-VANILLE-110G.jpg 702w, https:\/\/senegal.madar.group\/wp-content\/uploads\/2023\/03\/VASELINE-MATIZ-VANILLE-110G-300x300.jpg 300w, https:\/\/senegal.madar.group\/wp-content\/uploads\/2023\/03\/VASELINE-MATIZ-VANILLE-110G-80x80.jpg 80w, https:\/\/senegal.madar.group\/wp-content\/uploads\/2023\/03\/VASELINE-MATIZ-VANILLE-110G-36x36.jpg 36w, https:\/\/senegal.madar.group\/wp-content\/uploads\/2023\/03\/VASELINE-MATIZ-VANILLE-110G-180x180.jpg 180w\" data-sizes=\"(max-width: 702px) 100vw, 702px\"  aria-label=\"image VASELINE MATIZ VANILLE 110G\"  id='av-masonry-2-item-357' data-av-masonry-item='357' class='av-masonry-entry isotope-item post-357 attachment type-attachment status-inherit hentry  av-masonry-item-with-image' title=\"VASELINE MATIZ VANILLE 110G\" alt=\"\"    itemprop=\"thumbnailUrl\" ><div class='av-inner-masonry-sizer'><\/div><figure class='av-inner-masonry main_color'><div class=\"av-masonry-outerimage-container\"><div class='av-masonry-image-container' style=\"background-image: url(https:\/\/senegal.madar.group\/wp-content\/uploads\/2023\/03\/VASELINE-MATIZ-VANILLE-110G.jpg);\"  title=\"VASELINE MATIZ VANILLE 110G\"  ><\/div><\/div><figcaption class='av-inner-masonry-content site-background'><div class='av-inner-masonry-content-pos'><div class='av-inner-masonry-content-pos-content'><div class='avia-arrow'><\/div><h3 class='av-masonry-entry-title entry-title '  itemprop=\"headline\" >VASELINE MATIZ VANILLE 110G<\/h3><\/div><\/div><\/figcaption><\/figure><\/a><!--end av-masonry entry--><\/div><\/div><\/div><div class='flex_column av-av_one_fifth-f1c518e9ff58e869f80c8f093487abc9 av_one_fifth  avia-builder-el-14  el_after_av_three_fifth  avia-builder-el-last  flex_column_div column-top-margin'     ><\/div><\/p>\n","protected":false},"excerpt":{"rendered":"","protected":false},"author":1,"featured_media":0,"parent":0,"menu_order":0,"comment_status":"closed","ping_status":"closed","template":"","meta":{"footnotes":""},"class_list":["post-426","page","type-page","status-publish","hentry"],"_links":{"self":[{"href":"https:\/\/senegal.madar.group\/fr\/wp-json\/wp\/v2\/pages\/426","targetHints":{"allow":["GET"]}}],"collection":[{"href":"https:\/\/senegal.madar.group\/fr\/wp-json\/wp\/v2\/pages"}],"about":[{"href":"https:\/\/senegal.madar.group\/fr\/wp-json\/wp\/v2\/types\/page"}],"author":[{"embeddable":true,"href":"https:\/\/senegal.madar.group\/fr\/wp-json\/wp\/v2\/users\/1"}],"replies":[{"embeddable":true,"href":"https:\/\/senegal.madar.group\/fr\/wp-json\/wp\/v2\/comments?post=426"}],"version-history":[{"count":1,"href":"https:\/\/senegal.madar.group\/fr\/wp-json\/wp\/v2\/pages\/426\/revisions"}],"predecessor-version":[{"id":427,"href":"https:\/\/senegal.madar.group\/fr\/wp-json\/wp\/v2\/pages\/426\/revisions\/427"}],"wp:attachment":[{"href":"https:\/\/senegal.madar.group\/fr\/wp-json\/wp\/v2\/media?parent=426"}],"curies":[{"name":"wp","href":"https:\/\/api.w.org\/{rel}","templated":true}]}}