{"id":423,"date":"2023-03-06T08:06:37","date_gmt":"2023-03-06T08:06:37","guid":{"rendered":"https:\/\/senegal.madar.group\/?page_id=423"},"modified":"2023-03-06T08:08:40","modified_gmt":"2023-03-06T08:08:40","slug":"mera","status":"publish","type":"page","link":"https:\/\/senegal.madar.group\/fr\/mera\/","title":{"rendered":"Mera"},"content":{"rendered":"<div id='av_section_1'  class='avia-section av-av_section-f716ba51e7bf82947c918c6ed882cb73 main_color avia-section-default avia-no-border-styling  avia-builder-el-0  avia-builder-el-no-sibling  avia-bg-style-scroll container_wrap fullsize'  ><div class='container av-section-cont-open' ><main  role=\"main\" itemprop=\"mainContentOfPage\"  class='template-page content  av-content-full alpha units'><div class='post-entry post-entry-type-page post-entry-423'><div class='entry-content-wrapper clearfix'>\n<div class='flex_column av-av_one_full-7714eba142aeda1f8b5272a3c372b279 av_one_full  avia-builder-el-1  el_before_av_one_full  avia-builder-el-first  first flex_column_div '     ><p>\n<style type=\"text\/css\" data-created_by=\"avia_inline_auto\" id=\"style-css-av-av_image-84ed3374163d7caaa89aa89a34e1eff6\">\n.avia-image-container.av-av_image-84ed3374163d7caaa89aa89a34e1eff6 img.avia_image{\nbox-shadow:none;\n}\n.avia-image-container.av-av_image-84ed3374163d7caaa89aa89a34e1eff6 .av-image-caption-overlay-center{\ncolor:#ffffff;\n}\n<\/style>\n<div  class='avia-image-container av-av_image-84ed3374163d7caaa89aa89a34e1eff6 av-styling- avia-align-center  avia-builder-el-2  el_before_av_textblock  avia-builder-el-first '   itemprop=\"image\" itemscope=\"itemscope\" itemtype=\"https:\/\/schema.org\/ImageObject\" ><div class=\"avia-image-container-inner\"><div class=\"avia-image-overlay-wrap\"><img decoding=\"async\" class='wp-image-358 avia-img-lazy-loading-not-358 avia_image ' src=\"https:\/\/senegal.madar.group\/wp-content\/uploads\/2023\/03\/Mera-logo-01-300x159.webp\" alt='' title='Mera logo-01'  height=\"159\" width=\"300\"  itemprop=\"thumbnailUrl\" srcset=\"https:\/\/senegal.madar.group\/wp-content\/uploads\/2023\/03\/Mera-logo-01-300x159.webp 300w, https:\/\/senegal.madar.group\/wp-content\/uploads\/2023\/03\/Mera-logo-01.webp 420w\" sizes=\"(max-width: 300px) 100vw, 300px\" \/><\/div><\/div><\/div><br \/>\n\n<style type=\"text\/css\" data-created_by=\"avia_inline_auto\" id=\"style-css-av-lewjnis6-8bbb4e1865836f2fd7b96ec911276583\">\n#top .av_textblock_section.av-lewjnis6-8bbb4e1865836f2fd7b96ec911276583 .avia_textblock{\nfont-size:25px;\n}\n<\/style>\n<section  class='av_textblock_section av-lewjnis6-8bbb4e1865836f2fd7b96ec911276583'  itemscope=\"itemscope\" itemtype=\"https:\/\/schema.org\/CreativeWork\" ><div class='avia_textblock'  itemprop=\"text\" ><p class=\"font_9\" style=\"text-align: center;\">Mera est une pate dentifrice anti caries, qui renforce les dents et rafraichit l\u2019haleine, pour une hygi\u00e8ne bucco-den- taire quotidienne, elle nettoie bien et vous o re une bonne mousse en bouche et:<\/p>\n<p class=\"font_9\" style=\"text-align: center;\">\u2022 Contribue \u00e0 pr\u00e9venir le d\u00e9veloppement des caries.<br \/>\n\u2022 Favorise la protection de l\u2019\u00e9mail dentaire.<\/p>\n<\/div><\/section><\/p><\/div><div class='flex_column av-av_one_full-7714eba142aeda1f8b5272a3c372b279 av_one_full  avia-builder-el-4  el_after_av_one_full  avia-builder-el-last  first flex_column_div column-top-margin'     ><div id='av-masonry-1' class='av-masonry av-av_masonry_gallery-9c788ed29bbc3b2f3f8d9aa34b7aa662 noHover av-fixed-size av-large-gap av-hover-overlay-active av-masonry-animation-active av-masonry-col-3 av-caption-always av-caption-style- av-masonry-gallery av-orientation-portrait '><div class=\"av-masonry-container isotope av-js-disabled\"><div class='av-masonry-entry isotope-item av-masonry-item-no-image '><\/div><a href=\"https:\/\/senegal.madar.group\/wp-content\/uploads\/2023\/03\/MERA-CLASSIC-100ML.jpg\" data-srcset=\"https:\/\/senegal.madar.group\/wp-content\/uploads\/2023\/03\/MERA-CLASSIC-100ML.jpg 702w, https:\/\/senegal.madar.group\/wp-content\/uploads\/2023\/03\/MERA-CLASSIC-100ML-300x300.jpg 300w, https:\/\/senegal.madar.group\/wp-content\/uploads\/2023\/03\/MERA-CLASSIC-100ML-80x80.jpg 80w, https:\/\/senegal.madar.group\/wp-content\/uploads\/2023\/03\/MERA-CLASSIC-100ML-36x36.jpg 36w, https:\/\/senegal.madar.group\/wp-content\/uploads\/2023\/03\/MERA-CLASSIC-100ML-180x180.jpg 180w\" data-sizes=\"(max-width: 702px) 100vw, 702px\"  aria-label=\"image MERA CLASSIC 100ML\"  id='av-masonry-1-item-363' data-av-masonry-item='363' class='av-masonry-entry isotope-item post-363 attachment type-attachment status-inherit hentry  av-masonry-item-with-image' title=\"MERA CLASSIC 100ML\" alt=\"\"    itemprop=\"thumbnailUrl\" ><div class='av-inner-masonry-sizer'><\/div><figure class='av-inner-masonry main_color'><div class=\"av-masonry-outerimage-container\"><div class='av-masonry-image-container' style=\"background-image: url(https:\/\/senegal.madar.group\/wp-content\/uploads\/2023\/03\/MERA-CLASSIC-100ML.jpg);\"  title=\"MERA CLASSIC 100ML\"  ><\/div><\/div><figcaption class='av-inner-masonry-content site-background'><div class='av-inner-masonry-content-pos'><div class='av-inner-masonry-content-pos-content'><div class='avia-arrow'><\/div><h3 class='av-masonry-entry-title entry-title '  itemprop=\"headline\" >MERA CLASSIC 100ML<\/h3><\/div><\/div><\/figcaption><\/figure><\/a><!--end av-masonry entry--><a href=\"https:\/\/senegal.madar.group\/wp-content\/uploads\/2023\/03\/MERA-CLASSIC-50ML.jpg\" data-srcset=\"https:\/\/senegal.madar.group\/wp-content\/uploads\/2023\/03\/MERA-CLASSIC-50ML.jpg 702w, https:\/\/senegal.madar.group\/wp-content\/uploads\/2023\/03\/MERA-CLASSIC-50ML-300x300.jpg 300w, https:\/\/senegal.madar.group\/wp-content\/uploads\/2023\/03\/MERA-CLASSIC-50ML-80x80.jpg 80w, https:\/\/senegal.madar.group\/wp-content\/uploads\/2023\/03\/MERA-CLASSIC-50ML-36x36.jpg 36w, https:\/\/senegal.madar.group\/wp-content\/uploads\/2023\/03\/MERA-CLASSIC-50ML-180x180.jpg 180w\" data-sizes=\"(max-width: 702px) 100vw, 702px\"  aria-label=\"image MERA CLASSIC 50ML\"  id='av-masonry-1-item-362' data-av-masonry-item='362' class='av-masonry-entry isotope-item post-362 attachment type-attachment status-inherit hentry  av-masonry-item-with-image' title=\"MERA CLASSIC 50ML\" alt=\"\"    itemprop=\"thumbnailUrl\" ><div class='av-inner-masonry-sizer'><\/div><figure class='av-inner-masonry main_color'><div class=\"av-masonry-outerimage-container\"><div class='av-masonry-image-container' style=\"background-image: url(https:\/\/senegal.madar.group\/wp-content\/uploads\/2023\/03\/MERA-CLASSIC-50ML.jpg);\"  title=\"MERA CLASSIC 50ML\"  ><\/div><\/div><figcaption class='av-inner-masonry-content site-background'><div class='av-inner-masonry-content-pos'><div class='av-inner-masonry-content-pos-content'><div class='avia-arrow'><\/div><h3 class='av-masonry-entry-title entry-title '  itemprop=\"headline\" >MERA CLASSIC 50ML<\/h3><\/div><\/div><\/figcaption><\/figure><\/a><!--end av-masonry entry--><a href=\"https:\/\/senegal.madar.group\/wp-content\/uploads\/2023\/03\/MERA-CLASSIC-25ML.jpg\" data-srcset=\"https:\/\/senegal.madar.group\/wp-content\/uploads\/2023\/03\/MERA-CLASSIC-25ML.jpg 702w, https:\/\/senegal.madar.group\/wp-content\/uploads\/2023\/03\/MERA-CLASSIC-25ML-300x300.jpg 300w, https:\/\/senegal.madar.group\/wp-content\/uploads\/2023\/03\/MERA-CLASSIC-25ML-80x80.jpg 80w, https:\/\/senegal.madar.group\/wp-content\/uploads\/2023\/03\/MERA-CLASSIC-25ML-36x36.jpg 36w, https:\/\/senegal.madar.group\/wp-content\/uploads\/2023\/03\/MERA-CLASSIC-25ML-180x180.jpg 180w\" data-sizes=\"(max-width: 702px) 100vw, 702px\"  aria-label=\"image MERA CLASSIC 25ML\"  id='av-masonry-1-item-361' data-av-masonry-item='361' class='av-masonry-entry isotope-item post-361 attachment type-attachment status-inherit hentry  av-masonry-item-with-image' title=\"MERA CLASSIC 25ML\" alt=\"\"    itemprop=\"thumbnailUrl\" ><div class='av-inner-masonry-sizer'><\/div><figure class='av-inner-masonry main_color'><div class=\"av-masonry-outerimage-container\"><div class='av-masonry-image-container' style=\"background-image: url(https:\/\/senegal.madar.group\/wp-content\/uploads\/2023\/03\/MERA-CLASSIC-25ML.jpg);\"  title=\"MERA CLASSIC 25ML\"  ><\/div><\/div><figcaption class='av-inner-masonry-content site-background'><div class='av-inner-masonry-content-pos'><div class='av-inner-masonry-content-pos-content'><div class='avia-arrow'><\/div><h3 class='av-masonry-entry-title entry-title '  itemprop=\"headline\" >MERA CLASSIC 25ML<\/h3><\/div><\/div><\/figcaption><\/figure><\/a><!--end av-masonry entry--><a href=\"https:\/\/senegal.madar.group\/wp-content\/uploads\/2023\/03\/MERA-FRESH-100ML.jpg\" data-srcset=\"https:\/\/senegal.madar.group\/wp-content\/uploads\/2023\/03\/MERA-FRESH-100ML.jpg 702w, https:\/\/senegal.madar.group\/wp-content\/uploads\/2023\/03\/MERA-FRESH-100ML-300x300.jpg 300w, https:\/\/senegal.madar.group\/wp-content\/uploads\/2023\/03\/MERA-FRESH-100ML-80x80.jpg 80w, https:\/\/senegal.madar.group\/wp-content\/uploads\/2023\/03\/MERA-FRESH-100ML-36x36.jpg 36w, https:\/\/senegal.madar.group\/wp-content\/uploads\/2023\/03\/MERA-FRESH-100ML-180x180.jpg 180w\" data-sizes=\"(max-width: 702px) 100vw, 702px\"  aria-label=\"image MERA FRESH 100ML\"  id='av-masonry-1-item-364' data-av-masonry-item='364' class='av-masonry-entry isotope-item post-364 attachment type-attachment status-inherit hentry  av-masonry-item-with-image' title=\"MERA FRESH 100ML\" alt=\"\"    itemprop=\"thumbnailUrl\" ><div class='av-inner-masonry-sizer'><\/div><figure class='av-inner-masonry main_color'><div class=\"av-masonry-outerimage-container\"><div class='av-masonry-image-container' style=\"background-image: url(https:\/\/senegal.madar.group\/wp-content\/uploads\/2023\/03\/MERA-FRESH-100ML.jpg);\"  title=\"MERA FRESH 100ML\"  ><\/div><\/div><figcaption class='av-inner-masonry-content site-background'><div class='av-inner-masonry-content-pos'><div class='av-inner-masonry-content-pos-content'><div class='avia-arrow'><\/div><h3 class='av-masonry-entry-title entry-title '  itemprop=\"headline\" >MERA FRESH 100ML<\/h3><\/div><\/div><\/figcaption><\/figure><\/a><!--end av-masonry entry--><a href=\"https:\/\/senegal.madar.group\/wp-content\/uploads\/2023\/03\/MERA-CHILDREN-75ML.jpg\" data-srcset=\"https:\/\/senegal.madar.group\/wp-content\/uploads\/2023\/03\/MERA-CHILDREN-75ML.jpg 702w, https:\/\/senegal.madar.group\/wp-content\/uploads\/2023\/03\/MERA-CHILDREN-75ML-300x300.jpg 300w, https:\/\/senegal.madar.group\/wp-content\/uploads\/2023\/03\/MERA-CHILDREN-75ML-80x80.jpg 80w, https:\/\/senegal.madar.group\/wp-content\/uploads\/2023\/03\/MERA-CHILDREN-75ML-36x36.jpg 36w, https:\/\/senegal.madar.group\/wp-content\/uploads\/2023\/03\/MERA-CHILDREN-75ML-180x180.jpg 180w\" data-sizes=\"(max-width: 702px) 100vw, 702px\"  aria-label=\"image MERA CHILDREN 75ML\"  id='av-masonry-1-item-360' data-av-masonry-item='360' class='av-masonry-entry isotope-item post-360 attachment type-attachment status-inherit hentry  av-masonry-item-with-image' title=\"MERA CHILDREN 75ML\" alt=\"\"    itemprop=\"thumbnailUrl\" ><div class='av-inner-masonry-sizer'><\/div><figure class='av-inner-masonry main_color'><div class=\"av-masonry-outerimage-container\"><div class='av-masonry-image-container' style=\"background-image: url(https:\/\/senegal.madar.group\/wp-content\/uploads\/2023\/03\/MERA-CHILDREN-75ML.jpg);\"  title=\"MERA CHILDREN 75ML\"  ><\/div><\/div><figcaption class='av-inner-masonry-content site-background'><div class='av-inner-masonry-content-pos'><div class='av-inner-masonry-content-pos-content'><div class='avia-arrow'><\/div><h3 class='av-masonry-entry-title entry-title '  itemprop=\"headline\" >MERA CHILDREN 75ML<\/h3><\/div><\/div><\/figcaption><\/figure><\/a><!--end av-masonry entry--><a href=\"https:\/\/senegal.madar.group\/wp-content\/uploads\/2023\/03\/MERA-CHILDREN-25ML.jpg\" data-srcset=\"https:\/\/senegal.madar.group\/wp-content\/uploads\/2023\/03\/MERA-CHILDREN-25ML.jpg 702w, https:\/\/senegal.madar.group\/wp-content\/uploads\/2023\/03\/MERA-CHILDREN-25ML-300x300.jpg 300w, https:\/\/senegal.madar.group\/wp-content\/uploads\/2023\/03\/MERA-CHILDREN-25ML-80x80.jpg 80w, https:\/\/senegal.madar.group\/wp-content\/uploads\/2023\/03\/MERA-CHILDREN-25ML-36x36.jpg 36w, https:\/\/senegal.madar.group\/wp-content\/uploads\/2023\/03\/MERA-CHILDREN-25ML-180x180.jpg 180w\" data-sizes=\"(max-width: 702px) 100vw, 702px\"  aria-label=\"image MERA CHILDREN 25ML\"  id='av-masonry-1-item-359' data-av-masonry-item='359' class='av-masonry-entry isotope-item post-359 attachment type-attachment status-inherit hentry  av-masonry-item-with-image' title=\"MERA CHILDREN 25ML\" alt=\"\"    itemprop=\"thumbnailUrl\" ><div class='av-inner-masonry-sizer'><\/div><figure class='av-inner-masonry main_color'><div class=\"av-masonry-outerimage-container\"><div class='av-masonry-image-container' style=\"background-image: url(https:\/\/senegal.madar.group\/wp-content\/uploads\/2023\/03\/MERA-CHILDREN-25ML.jpg);\"  title=\"MERA CHILDREN 25ML\"  ><\/div><\/div><figcaption class='av-inner-masonry-content site-background'><div class='av-inner-masonry-content-pos'><div class='av-inner-masonry-content-pos-content'><div class='avia-arrow'><\/div><h3 class='av-masonry-entry-title entry-title '  itemprop=\"headline\" >MERA CHILDREN 25ML<\/h3><\/div><\/div><\/figcaption><\/figure><\/a><!--end av-masonry entry--><\/div><\/div><\/div>\n","protected":false},"excerpt":{"rendered":"","protected":false},"author":1,"featured_media":0,"parent":0,"menu_order":0,"comment_status":"closed","ping_status":"closed","template":"","meta":{"footnotes":""},"class_list":["post-423","page","type-page","status-publish","hentry"],"_links":{"self":[{"href":"https:\/\/senegal.madar.group\/fr\/wp-json\/wp\/v2\/pages\/423","targetHints":{"allow":["GET"]}}],"collection":[{"href":"https:\/\/senegal.madar.group\/fr\/wp-json\/wp\/v2\/pages"}],"about":[{"href":"https:\/\/senegal.madar.group\/fr\/wp-json\/wp\/v2\/types\/page"}],"author":[{"embeddable":true,"href":"https:\/\/senegal.madar.group\/fr\/wp-json\/wp\/v2\/users\/1"}],"replies":[{"embeddable":true,"href":"https:\/\/senegal.madar.group\/fr\/wp-json\/wp\/v2\/comments?post=423"}],"version-history":[{"count":1,"href":"https:\/\/senegal.madar.group\/fr\/wp-json\/wp\/v2\/pages\/423\/revisions"}],"predecessor-version":[{"id":424,"href":"https:\/\/senegal.madar.group\/fr\/wp-json\/wp\/v2\/pages\/423\/revisions\/424"}],"wp:attachment":[{"href":"https:\/\/senegal.madar.group\/fr\/wp-json\/wp\/v2\/media?parent=423"}],"curies":[{"name":"wp","href":"https:\/\/api.w.org\/{rel}","templated":true}]}}