{"id":393,"date":"2023-03-03T12:17:25","date_gmt":"2023-03-03T12:17:25","guid":{"rendered":"https:\/\/senegal.madar.group\/?page_id=393"},"modified":"2023-09-19T08:17:26","modified_gmt":"2023-09-19T08:17:26","slug":"mission-vision-values","status":"publish","type":"page","link":"https:\/\/senegal.madar.group\/fr\/mission-vision-values\/","title":{"rendered":"Mission Vision Values"},"content":{"rendered":"<div id='av_section_1'  class='avia-section av-av_section-f716ba51e7bf82947c918c6ed882cb73 main_color avia-section-default avia-no-border-styling  avia-builder-el-0  avia-builder-el-no-sibling  avia-bg-style-scroll container_wrap fullsize'  ><div class='container av-section-cont-open' ><main  role=\"main\" itemprop=\"mainContentOfPage\"  class='template-page content  av-content-full alpha units'><div class='post-entry post-entry-type-page post-entry-393'><div class='entry-content-wrapper clearfix'>\n<div class='flex_column av-av_two_third-7714eba142aeda1f8b5272a3c372b279 av_two_third  avia-builder-el-1  el_before_av_two_third  avia-builder-el-first  first flex_column_div '     ><p>\n<style type=\"text\/css\" data-created_by=\"avia_inline_auto\" id=\"style-css-av-lese0jjp-001c4b9d4ef30bc05cf22366aaf61b64\">\n#top .av-special-heading.av-lese0jjp-001c4b9d4ef30bc05cf22366aaf61b64{\npadding-bottom:10px;\ncolor:#e1251b;\nfont-size:38px;\n}\nbody .av-special-heading.av-lese0jjp-001c4b9d4ef30bc05cf22366aaf61b64 .av-special-heading-tag .heading-char{\nfont-size:25px;\n}\n#top #wrap_all .av-special-heading.av-lese0jjp-001c4b9d4ef30bc05cf22366aaf61b64 .av-special-heading-tag{\nfont-size:38px;\n}\n.av-special-heading.av-lese0jjp-001c4b9d4ef30bc05cf22366aaf61b64 .special-heading-inner-border{\nborder-color:#e1251b;\n}\n.av-special-heading.av-lese0jjp-001c4b9d4ef30bc05cf22366aaf61b64 .av-subheading{\nfont-size:15px;\n}\n\n@media only screen and (min-width: 480px) and (max-width: 767px){ \n#top #wrap_all .av-special-heading.av-lese0jjp-001c4b9d4ef30bc05cf22366aaf61b64 .av-special-heading-tag{\nfont-size:0.8em;\n}\n}\n\n@media only screen and (max-width: 479px){ \n#top #wrap_all .av-special-heading.av-lese0jjp-001c4b9d4ef30bc05cf22366aaf61b64 .av-special-heading-tag{\nfont-size:0.8em;\n}\n}\n<\/style>\n<div  class='av-special-heading av-lese0jjp-001c4b9d4ef30bc05cf22366aaf61b64 av-special-heading-h2 custom-color-heading blockquote modern-quote  avia-builder-el-2  el_before_av_textblock  avia-builder-el-first  av-inherit-size'><h2 class='av-special-heading-tag'  itemprop=\"headline\"  >Vision<\/h2><div class=\"special-heading-border\"><div class=\"special-heading-inner-border\"><\/div><\/div><\/div><br \/>\n\n<style type=\"text\/css\" data-created_by=\"avia_inline_auto\" id=\"style-css-av-lese2zqu-198a18ca2cf814be8a0ba5ce9fca836c\">\n#top .av_textblock_section.av-lese2zqu-198a18ca2cf814be8a0ba5ce9fca836c .avia_textblock{\nfont-size:28px;\n}\n<\/style>\n<section  class='av_textblock_section av-lese2zqu-198a18ca2cf814be8a0ba5ce9fca836c'  itemscope=\"itemscope\" itemtype=\"https:\/\/schema.org\/CreativeWork\" ><div class='avia_textblock'  itemprop=\"text\" ><p class=\"font_9\">Devenir le leader dans la production et la distribution de produits m\u00e9nagers en Afrique en s\u2019appuyant sur :<br \/>\nl&rsquo;innovation technologique<br \/>\ndes strat\u00e9gies de d\u00e9veloppement durable<br \/>\ndes syst\u00e8mes de distribution solides<\/p>\n<\/div><\/section><\/p><\/div><div class='flex_column av-av_two_third-7714eba142aeda1f8b5272a3c372b279 av_two_third  avia-builder-el-4  el_after_av_two_third  el_before_av_two_third  first flex_column_div column-top-margin'     ><p>\n<style type=\"text\/css\" data-created_by=\"avia_inline_auto\" id=\"style-css-av-lese7w64-1344b8565a0fe6108496b60ed7c202df\">\n#top .av-special-heading.av-lese7w64-1344b8565a0fe6108496b60ed7c202df{\npadding-bottom:10px;\ncolor:#e1251b;\nfont-size:38px;\n}\nbody .av-special-heading.av-lese7w64-1344b8565a0fe6108496b60ed7c202df .av-special-heading-tag .heading-char{\nfont-size:25px;\n}\n#top #wrap_all .av-special-heading.av-lese7w64-1344b8565a0fe6108496b60ed7c202df .av-special-heading-tag{\nfont-size:38px;\n}\n.av-special-heading.av-lese7w64-1344b8565a0fe6108496b60ed7c202df .special-heading-inner-border{\nborder-color:#e1251b;\n}\n.av-special-heading.av-lese7w64-1344b8565a0fe6108496b60ed7c202df .av-subheading{\nfont-size:15px;\n}\n\n@media only screen and (min-width: 480px) and (max-width: 767px){ \n#top #wrap_all .av-special-heading.av-lese7w64-1344b8565a0fe6108496b60ed7c202df .av-special-heading-tag{\nfont-size:0.8em;\n}\n}\n\n@media only screen and (max-width: 479px){ \n#top #wrap_all .av-special-heading.av-lese7w64-1344b8565a0fe6108496b60ed7c202df .av-special-heading-tag{\nfont-size:0.8em;\n}\n}\n<\/style>\n<div  class='av-special-heading av-lese7w64-1344b8565a0fe6108496b60ed7c202df av-special-heading-h2 custom-color-heading blockquote modern-quote  avia-builder-el-5  el_before_av_textblock  avia-builder-el-first  av-inherit-size'><h2 class='av-special-heading-tag'  itemprop=\"headline\"  >Mission<\/h2><div class=\"special-heading-border\"><div class=\"special-heading-inner-border\"><\/div><\/div><\/div><br \/>\n\n<style type=\"text\/css\" data-created_by=\"avia_inline_auto\" id=\"style-css-av-lesgdwo2-6fb19b1a13d8b4a14618f6ff682d5cad\">\n#top .av_textblock_section.av-lesgdwo2-6fb19b1a13d8b4a14618f6ff682d5cad .avia_textblock{\nfont-size:28px;\n}\n<\/style>\n<section  class='av_textblock_section av-lesgdwo2-6fb19b1a13d8b4a14618f6ff682d5cad'  itemscope=\"itemscope\" itemtype=\"https:\/\/schema.org\/CreativeWork\" ><div class='avia_textblock'  itemprop=\"text\" ><p class=\"font_9\">Fournir le march\u00e9 africain en produits<br \/>\nd\u2019entretien et d\u2019hygi\u00e8ne adapt\u00e9s aux besoins<br \/>\net au pouvoir d\u2019achat des populations locales<\/p>\n<\/div><\/section><\/p><\/div><div class='flex_column av-av_two_third-7714eba142aeda1f8b5272a3c372b279 av_two_third  avia-builder-el-7  el_after_av_two_third  avia-builder-el-last  first flex_column_div column-top-margin'     ><p>\n<style type=\"text\/css\" data-created_by=\"avia_inline_auto\" id=\"style-css-av-lesgr3fl-50e31f7b340fd6c97fb313e2f8a64b3a\">\n#top .av-special-heading.av-lesgr3fl-50e31f7b340fd6c97fb313e2f8a64b3a{\npadding-bottom:10px;\ncolor:#e1251b;\nfont-size:38px;\n}\nbody .av-special-heading.av-lesgr3fl-50e31f7b340fd6c97fb313e2f8a64b3a .av-special-heading-tag .heading-char{\nfont-size:25px;\n}\n#top #wrap_all .av-special-heading.av-lesgr3fl-50e31f7b340fd6c97fb313e2f8a64b3a .av-special-heading-tag{\nfont-size:38px;\n}\n.av-special-heading.av-lesgr3fl-50e31f7b340fd6c97fb313e2f8a64b3a .special-heading-inner-border{\nborder-color:#e1251b;\n}\n.av-special-heading.av-lesgr3fl-50e31f7b340fd6c97fb313e2f8a64b3a .av-subheading{\nfont-size:15px;\n}\n\n@media only screen and (min-width: 480px) and (max-width: 767px){ \n#top #wrap_all .av-special-heading.av-lesgr3fl-50e31f7b340fd6c97fb313e2f8a64b3a .av-special-heading-tag{\nfont-size:0.8em;\n}\n}\n\n@media only screen and (max-width: 479px){ \n#top #wrap_all .av-special-heading.av-lesgr3fl-50e31f7b340fd6c97fb313e2f8a64b3a .av-special-heading-tag{\nfont-size:0.8em;\n}\n}\n<\/style>\n<div  class='av-special-heading av-lesgr3fl-50e31f7b340fd6c97fb313e2f8a64b3a av-special-heading-h2 custom-color-heading blockquote modern-quote  avia-builder-el-8  el_before_av_textblock  avia-builder-el-first  av-inherit-size'><h2 class='av-special-heading-tag'  itemprop=\"headline\"  >Values<\/h2><div class=\"special-heading-border\"><div class=\"special-heading-inner-border\"><\/div><\/div><\/div><br \/>\n\n<style type=\"text\/css\" data-created_by=\"avia_inline_auto\" id=\"style-css-av-lesh6sqs-41fd62454c582e0a576e2a4eca97b75e\">\n#top .av_textblock_section.av-lesh6sqs-41fd62454c582e0a576e2a4eca97b75e .avia_textblock{\nfont-size:28px;\n}\n<\/style>\n<section  class='av_textblock_section av-lesh6sqs-41fd62454c582e0a576e2a4eca97b75e'  itemscope=\"itemscope\" itemtype=\"https:\/\/schema.org\/CreativeWork\" ><div class='avia_textblock'  itemprop=\"text\" ><h2 class=\"font_9\"><span style=\"color: #e1251b;\">Honn\u00eatet\u00e9\u00a0<\/span><\/h2>\n<p class=\"font_9\">travailler en respectant nos coll\u00e8gues, nos collaborateurs, nos clients, nos fournisseurs, les lois et r\u00e9glementations en vigueur.<\/p>\n<h2 class=\"font_9\"><span style=\"color: #e1251b;\">Solidarit\u00e9\u00a0<\/span><\/h2>\n<p class=\"font_9\">d\u00e9velopper un esprit de famille, aider notre prochain, instaurer un climat de confiance.<\/p>\n<h2 class=\"font_9\"><span style=\"color: #e1251b;\">Innovation\u00a0<\/span><\/h2>\n<p class=\"font_9\">toujours rechercher \u00e0 am\u00e9liorer la qualit\u00e9 de nos produits, adopter de nouvelles m\u00e9thodes de travail.<\/p>\n<h2 class=\"font_9\"><span style=\"color: #e1251b;\">Excellence\u00a0<\/span><\/h2>\n<p class=\"font_9\">faire bien du premier coup, ne pas gaspiller.<\/p>\n<h2 class=\"font_9\"><span style=\"color: #e1251b;\">Responsabilit\u00e9\u00a0<\/span><\/h2>\n<p class=\"font_9\">\u00eatre conscient des cons\u00e9quences sociales, \u00e9conomiques et environnementales de nos activit\u00e9s, agir pour limiter les effets n\u00e9gatifs et d\u00e9velopper les effets positifs.<\/p>\n<\/div><\/section><\/p><\/div>\n","protected":false},"excerpt":{"rendered":"","protected":false},"author":1,"featured_media":0,"parent":0,"menu_order":0,"comment_status":"closed","ping_status":"closed","template":"","meta":{"footnotes":""},"class_list":["post-393","page","type-page","status-publish","hentry"],"_links":{"self":[{"href":"https:\/\/senegal.madar.group\/fr\/wp-json\/wp\/v2\/pages\/393","targetHints":{"allow":["GET"]}}],"collection":[{"href":"https:\/\/senegal.madar.group\/fr\/wp-json\/wp\/v2\/pages"}],"about":[{"href":"https:\/\/senegal.madar.group\/fr\/wp-json\/wp\/v2\/types\/page"}],"author":[{"embeddable":true,"href":"https:\/\/senegal.madar.group\/fr\/wp-json\/wp\/v2\/users\/1"}],"replies":[{"embeddable":true,"href":"https:\/\/senegal.madar.group\/fr\/wp-json\/wp\/v2\/comments?post=393"}],"version-history":[{"count":2,"href":"https:\/\/senegal.madar.group\/fr\/wp-json\/wp\/v2\/pages\/393\/revisions"}],"predecessor-version":[{"id":740,"href":"https:\/\/senegal.madar.group\/fr\/wp-json\/wp\/v2\/pages\/393\/revisions\/740"}],"wp:attachment":[{"href":"https:\/\/senegal.madar.group\/fr\/wp-json\/wp\/v2\/media?parent=393"}],"curies":[{"name":"wp","href":"https:\/\/api.w.org\/{rel}","templated":true}]}}