{"id":376,"date":"2023-03-03T10:04:50","date_gmt":"2023-03-03T10:04:50","guid":{"rendered":"https:\/\/senegal.madar.group\/?page_id=376"},"modified":"2023-09-19T08:09:45","modified_gmt":"2023-09-19T08:09:45","slug":"about-us","status":"publish","type":"page","link":"https:\/\/senegal.madar.group\/fr\/about-us\/","title":{"rendered":"A propos de nous"},"content":{"rendered":"<div class='flex_column av-av_one_half-7714eba142aeda1f8b5272a3c372b279 av_one_half  avia-builder-el-0  el_before_av_one_half  avia-builder-el-first  first flex_column_div '     ><p>\n<style type=\"text\/css\" data-created_by=\"avia_inline_auto\" id=\"style-css-av-lesdgktu-b9afc4300c0bb5dadf4ed33ab291e62b\">\n#top .av-special-heading.av-lesdgktu-b9afc4300c0bb5dadf4ed33ab291e62b{\npadding-bottom:10px;\ncolor:#e1251b;\nfont-size:45px;\n}\nbody .av-special-heading.av-lesdgktu-b9afc4300c0bb5dadf4ed33ab291e62b .av-special-heading-tag .heading-char{\nfont-size:25px;\n}\n#top #wrap_all .av-special-heading.av-lesdgktu-b9afc4300c0bb5dadf4ed33ab291e62b .av-special-heading-tag{\nfont-size:45px;\n}\n.av-special-heading.av-lesdgktu-b9afc4300c0bb5dadf4ed33ab291e62b .special-heading-inner-border{\nborder-color:#e1251b;\n}\n.av-special-heading.av-lesdgktu-b9afc4300c0bb5dadf4ed33ab291e62b .av-subheading{\nfont-size:15px;\n}\n\n@media only screen and (min-width: 480px) and (max-width: 767px){ \n#top #wrap_all .av-special-heading.av-lesdgktu-b9afc4300c0bb5dadf4ed33ab291e62b .av-special-heading-tag{\nfont-size:0.8em;\n}\n}\n\n@media only screen and (max-width: 479px){ \n#top #wrap_all .av-special-heading.av-lesdgktu-b9afc4300c0bb5dadf4ed33ab291e62b .av-special-heading-tag{\nfont-size:0.8em;\n}\n}\n<\/style>\n<div  class='av-special-heading av-lesdgktu-b9afc4300c0bb5dadf4ed33ab291e62b av-special-heading-h2 custom-color-heading blockquote modern-quote modern-centered  avia-builder-el-1  el_before_av_textblock  avia-builder-el-first  av-inherit-size'><h2 class='av-special-heading-tag'  itemprop=\"headline\"  >De quoi s\u2019agit-il?<\/h2><div class=\"special-heading-border\"><div class=\"special-heading-inner-border\"><\/div><\/div><\/div><br \/>\n\n<style type=\"text\/css\" data-created_by=\"avia_inline_auto\" id=\"style-css-av-lesdhbso-c3af9efc2b797e928e7cd124049a4a06\">\n#top .av_textblock_section.av-lesdhbso-c3af9efc2b797e928e7cd124049a4a06 .avia_textblock{\nfont-size:20px;\n}\n<\/style>\n<section  class='av_textblock_section av-lesdhbso-c3af9efc2b797e928e7cd124049a4a06'  itemscope=\"itemscope\" itemtype=\"https:\/\/schema.org\/CreativeWork\" ><div class='avia_textblock'  itemprop=\"text\" ><p class=\"font_9\" style=\"text-align: center;\">H&#038;D INDUSTRIES est la compagnie la plus r\u00e9put\u00e9e dans l\u2019Afrique de l\u2019Ouest, nous sommes sp\u00e9cialis\u00e9s dans la fabrication de toute sorte de d\u00e9tergents , savon , \u00a0poudre d\u00e9tergent , eau de javel , liquide vaisselle , lave-vitre , d\u00e9sodorisant , etc&#8230;<\/p>\n<p class=\"font_9\" style=\"text-align: center;\">Detergents , Cosm\u00e9tique.<\/p>\n<p class=\"font_9\" style=\"text-align: center;\">Nous avons tous ces produits en plusieurs gammes commen\u00e7ant par 10 kg, arrivant aux petits sachets de poudre, de javel et m\u00eame du liquide.<br \/>\nVous pouvez consulter nos pages de site pour trouver plus de d\u00e9tails pour chaque produit \u00e0 part.<\/p>\n<\/div><\/section><\/p><\/div>\n<div class='flex_column av-av_one_half-f1c518e9ff58e869f80c8f093487abc9 av_one_half  avia-builder-el-3  el_after_av_one_half  el_before_av_one_half  flex_column_div '     ><p>\n<style type=\"text\/css\" data-created_by=\"avia_inline_auto\" id=\"style-css-av-av_image-9ae5cd0d1905cfb26deaeb70959ffd60\">\n.avia-image-container.av-av_image-9ae5cd0d1905cfb26deaeb70959ffd60 img.avia_image{\nbox-shadow:none;\n}\n.avia-image-container.av-av_image-9ae5cd0d1905cfb26deaeb70959ffd60 .av-image-caption-overlay-center{\ncolor:#ffffff;\n}\n<\/style>\n<div  class='avia-image-container av-av_image-9ae5cd0d1905cfb26deaeb70959ffd60 av-styling- avia-align-center  avia-builder-el-4  el_before_av_textblock  avia-builder-el-first '   itemprop=\"image\" itemscope=\"itemscope\" itemtype=\"https:\/\/schema.org\/ImageObject\" ><div class=\"avia-image-container-inner\"><div class=\"avia-image-overlay-wrap\"><img decoding=\"async\" class='wp-image-295 avia-img-lazy-loading-not-295 avia_image ' src=\"https:\/\/senegal.madar.group\/wp-content\/uploads\/2023\/02\/factory.jpg\" alt='' title='factory'  height=\"557\" width=\"485\"  itemprop=\"thumbnailUrl\" srcset=\"https:\/\/senegal.madar.group\/wp-content\/uploads\/2023\/02\/factory.jpg 485w, https:\/\/senegal.madar.group\/wp-content\/uploads\/2023\/02\/factory-261x300.jpg 261w\" sizes=\"(max-width: 485px) 100vw, 485px\" \/><\/div><\/div><\/div><br \/>\n\n<style type=\"text\/css\" data-created_by=\"avia_inline_auto\" id=\"style-css-av-lesdijql-e2994503477c68c4d5cb800274951260\">\n#top .av_textblock_section.av-lesdijql-e2994503477c68c4d5cb800274951260 .avia_textblock{\nfont-size:20px;\n}\n<\/style>\n<section  class='av_textblock_section av-lesdijql-e2994503477c68c4d5cb800274951260'  itemscope=\"itemscope\" itemtype=\"https:\/\/schema.org\/CreativeWork\" ><div class='avia_textblock'  itemprop=\"text\" ><p class=\"font_9\" style=\"text-align: center;\">Nos marques ( MADAR, NOURA , MATIZ, GET TOL et MERA ) sont r\u00e9put\u00e9es partout en Afrique de l\u2019ouest. Elles sont de qualit\u00e9 sup\u00e9rieure.<\/p>\n<\/div><\/section><\/p><\/div>\n<div class='flex_column av-av_one_half-7714eba142aeda1f8b5272a3c372b279 av_one_half  avia-builder-el-6  el_after_av_one_half  el_before_av_one_half  first flex_column_div column-top-margin'     ><style type=\"text\/css\" data-created_by=\"avia_inline_auto\" id=\"style-css-av-av_image-189dc9bab45ba24ef0acd2cefb39c574\">\n.avia-image-container.av-av_image-189dc9bab45ba24ef0acd2cefb39c574 img.avia_image{\nbox-shadow:none;\n}\n.avia-image-container.av-av_image-189dc9bab45ba24ef0acd2cefb39c574 .av-image-caption-overlay-center{\ncolor:#ffffff;\n}\n<\/style>\n<div  class='avia-image-container av-av_image-189dc9bab45ba24ef0acd2cefb39c574 av-styling- avia-align-center  avia-builder-el-7  avia-builder-el-no-sibling '   itemprop=\"image\" itemscope=\"itemscope\" itemtype=\"https:\/\/schema.org\/ImageObject\" ><div class=\"avia-image-container-inner\"><div class=\"avia-image-overlay-wrap\"><img decoding=\"async\" class='wp-image-287 avia-img-lazy-loading-not-287 avia_image ' src=\"https:\/\/senegal.madar.group\/wp-content\/uploads\/2023\/02\/shutterstock_689441320.jpg\" alt='' title='shutterstock_689441320'  height=\"440\" width=\"692\"  itemprop=\"thumbnailUrl\" srcset=\"https:\/\/senegal.madar.group\/wp-content\/uploads\/2023\/02\/shutterstock_689441320.jpg 692w, https:\/\/senegal.madar.group\/wp-content\/uploads\/2023\/02\/shutterstock_689441320-300x191.jpg 300w\" sizes=\"(max-width: 692px) 100vw, 692px\" \/><\/div><\/div><\/div><\/div>\n<div class='flex_column av-av_one_half-f1c518e9ff58e869f80c8f093487abc9 av_one_half  avia-builder-el-8  el_after_av_one_half  el_before_av_one_half  flex_column_div column-top-margin'     ><style type=\"text\/css\" data-created_by=\"avia_inline_auto\" id=\"style-css-av-lesdj7at-d1e88d5ae9bb39ac9fd48cfef0306a37\">\n#top .av_textblock_section.av-lesdj7at-d1e88d5ae9bb39ac9fd48cfef0306a37 .avia_textblock{\nfont-size:20px;\n}\n<\/style>\n<section  class='av_textblock_section av-lesdj7at-d1e88d5ae9bb39ac9fd48cfef0306a37'  itemscope=\"itemscope\" itemtype=\"https:\/\/schema.org\/CreativeWork\" ><div class='avia_textblock'  itemprop=\"text\" ><p class=\"font_9\" style=\"text-align: center;\">Nous avons tous ces produits en plusieurs gammes commen\u00e7ant par 10 kg, arrivant aux petits sachets de poudre, de javel et m\u00eame du liquide.<br \/>\nVous pouvez consulter nos pages de site pour trouver plus de d\u00e9tails pour chaque produit \u00e0 part.<\/p>\n<\/div><\/section><\/div>\n<div class='flex_column av-av_one_half-7714eba142aeda1f8b5272a3c372b279 av_one_half  avia-builder-el-10  el_after_av_one_half  el_before_av_one_half  first flex_column_div column-top-margin'     ><style type=\"text\/css\" data-created_by=\"avia_inline_auto\" id=\"style-css-av-av_textblock-ba22a6a90af98022f7f557270abff790\">\n#top .av_textblock_section.av-av_textblock-ba22a6a90af98022f7f557270abff790 .avia_textblock{\nfont-size:26px;\n}\n<\/style>\n<section  class='av_textblock_section av-av_textblock-ba22a6a90af98022f7f557270abff790'  itemscope=\"itemscope\" itemtype=\"https:\/\/schema.org\/CreativeWork\" ><div class='avia_textblock'  itemprop=\"text\" ><div id=\"WRchTxt3\" class=\"BaOVQ8 tz5f0K WRchTxt3 wixui-text\" data-testid=\"richTextElement\">\n<p class=\"font_9\" style=\"text-align: center;\">H&#038;D INDUSTRIE S.A<br \/>\nDakar &#8211; Senegal<br \/>\nTel : +221.33.870.01.90<br \/>\nFax : +221.33.870.01.81<\/p>\n<\/div>\n<\/div><\/section><br \/>\n<div  class='avia-buttonrow-wrap av-av_buttonrow-5ef35acdc0e96f0e9eb052d035d5f79c avia-buttonrow-center  avia-builder-el-12  el_after_av_textblock  el_before_av_button_big  avia-builder-el-last '>\n\n<style type=\"text\/css\" data-created_by=\"avia_inline_auto\" id=\"style-css-av-av_buttonrow_item-62c5f2cd9f86fc34bdb5f46a82562e24\">\n#top #wrap_all .avia-button.av-av_buttonrow_item-62c5f2cd9f86fc34bdb5f46a82562e24{\nmargin-bottom:5px;\nmargin-right:3px;\nmargin-left:3px;\n}\n<\/style>\n<a href='https:\/\/senegal.madar.group\/wp-content\/uploads\/2023\/02\/16-E-1610034-TIC-HD-Senegal-14K.pdf'  class='avia-button av-av_buttonrow_item-62c5f2cd9f86fc34bdb5f46a82562e24 avia-icon_select-no avia-size-small avia-color-theme-color'  ><span class='avia_iconbox_title' >ISO 14001<\/span><\/a>\n\n<style type=\"text\/css\" data-created_by=\"avia_inline_auto\" id=\"style-css-av-av_buttonrow_item-a296b039e79f109959e59504a124ebfe\">\n#top #wrap_all .avia-button.av-av_buttonrow_item-a296b039e79f109959e59504a124ebfe{\nmargin-bottom:5px;\nmargin-right:3px;\nmargin-left:3px;\n}\n<\/style>\n<a href='https:\/\/senegal.madar.group\/wp-content\/uploads\/2023\/02\/16-Q-1610034-TIC-HD.pdf'  class='avia-button av-av_buttonrow_item-a296b039e79f109959e59504a124ebfe avia-icon_select-no avia-size-small avia-color-theme-color'  ><span class='avia_iconbox_title' >ISO 9001<\/span><\/a>\n<\/div><br \/>\n<div  class='avia-button-wrap avia-button-center  avia-builder-el-13  el_after_av_buttonrow  avia-builder-el-last '>\n<style type=\"text\/css\" data-created_by=\"avia_inline_auto\" id=\"style-css-av-lesdjz59-ae40d48f138dbd1e94231cef3b096e44\">\n#top #wrap_all .avia-button.av-lesdjz59-ae40d48f138dbd1e94231cef3b096e44{\nfont-size:16px;\n}\n#top #wrap_all .avia-button.av-lesdjz59-ae40d48f138dbd1e94231cef3b096e44:hover{\ncolor:white;\n-webkit-transition:all 0.4s ease-in-out;\n-moz-transition:all 0.4s ease-in-out;\n-ms-transition:all 0.4s ease-in-out;\n-o-transition:all 0.4s ease-in-out;\ntransition:all 0.4s ease-in-out;\n}\n<\/style>\n<a href='https:\/\/senegal.madar.group\/wp-content\/uploads\/2023\/02\/DG-DOC04_REV01_PolitiqueQualiteSecuriteEnvironnement.doc' class='avia-color-theme-color avia-font-color-theme-color avia-button avia-button-fullwidth av-lesdjz59-ae40d48f138dbd1e94231cef3b096e44 avia-icon_select-no avia-color-theme-color'  ><span class='avia_iconbox_title' >Politique Qualit\u00e9, Securit\u00e9, Environnement<\/span><span class='avia_button_background avia-button avia-button-fullwidth avia-color-theme-color-highlight'><\/span><\/a><\/div><\/p><\/div>\n<div class='flex_column av-av_one_half-f1c518e9ff58e869f80c8f093487abc9 av_one_half  avia-builder-el-14  el_after_av_one_half  avia-builder-el-last  flex_column_div column-top-margin'     ><style type=\"text\/css\" data-created_by=\"avia_inline_auto\" id=\"style-css-av-lmq1bugi-d4a3dcca073fe067a99e7029e2c9649f\">\n.avia-image-container.av-lmq1bugi-d4a3dcca073fe067a99e7029e2c9649f img.avia_image{\nbox-shadow:none;\n}\n.avia-image-container.av-lmq1bugi-d4a3dcca073fe067a99e7029e2c9649f .av-image-caption-overlay-center{\ncolor:#ffffff;\n}\n<\/style>\n<div  class='avia-image-container av-lmq1bugi-d4a3dcca073fe067a99e7029e2c9649f av-styling- avia-align-center  avia-builder-el-15  avia-builder-el-no-sibling '   itemprop=\"image\" itemscope=\"itemscope\" itemtype=\"https:\/\/schema.org\/ImageObject\" ><div class=\"avia-image-container-inner\"><div class=\"avia-image-overlay-wrap\"><img decoding=\"async\" class='wp-image-716 avia-img-lazy-loading-not-716 avia_image ' src=\"https:\/\/senegal.madar.group\/wp-content\/uploads\/2023\/09\/5e9b8f_d101da1d8c904eda884704f9ed4a094dmv2-1.jpg\" alt='' title='5e9b8f_d101da1d8c904eda884704f9ed4a094d~mv2 (1)'  height=\"534\" width=\"800\"  itemprop=\"thumbnailUrl\" srcset=\"https:\/\/senegal.madar.group\/wp-content\/uploads\/2023\/09\/5e9b8f_d101da1d8c904eda884704f9ed4a094dmv2-1.jpg 800w, https:\/\/senegal.madar.group\/wp-content\/uploads\/2023\/09\/5e9b8f_d101da1d8c904eda884704f9ed4a094dmv2-1-300x200.jpg 300w, https:\/\/senegal.madar.group\/wp-content\/uploads\/2023\/09\/5e9b8f_d101da1d8c904eda884704f9ed4a094dmv2-1-768x513.jpg 768w, https:\/\/senegal.madar.group\/wp-content\/uploads\/2023\/09\/5e9b8f_d101da1d8c904eda884704f9ed4a094dmv2-1-705x471.jpg 705w\" sizes=\"(max-width: 800px) 100vw, 800px\" \/><\/div><\/div><\/div><\/div>\n","protected":false},"excerpt":{"rendered":"","protected":false},"author":1,"featured_media":0,"parent":0,"menu_order":0,"comment_status":"closed","ping_status":"closed","template":"","meta":{"footnotes":""},"class_list":["post-376","page","type-page","status-publish","hentry"],"_links":{"self":[{"href":"https:\/\/senegal.madar.group\/fr\/wp-json\/wp\/v2\/pages\/376","targetHints":{"allow":["GET"]}}],"collection":[{"href":"https:\/\/senegal.madar.group\/fr\/wp-json\/wp\/v2\/pages"}],"about":[{"href":"https:\/\/senegal.madar.group\/fr\/wp-json\/wp\/v2\/types\/page"}],"author":[{"embeddable":true,"href":"https:\/\/senegal.madar.group\/fr\/wp-json\/wp\/v2\/users\/1"}],"replies":[{"embeddable":true,"href":"https:\/\/senegal.madar.group\/fr\/wp-json\/wp\/v2\/comments?post=376"}],"version-history":[{"count":3,"href":"https:\/\/senegal.madar.group\/fr\/wp-json\/wp\/v2\/pages\/376\/revisions"}],"predecessor-version":[{"id":735,"href":"https:\/\/senegal.madar.group\/fr\/wp-json\/wp\/v2\/pages\/376\/revisions\/735"}],"wp:attachment":[{"href":"https:\/\/senegal.madar.group\/fr\/wp-json\/wp\/v2\/media?parent=376"}],"curies":[{"name":"wp","href":"https:\/\/api.w.org\/{rel}","templated":true}]}}